{"id":4387,"date":"2024-10-15T08:21:42","date_gmt":"2024-10-15T08:21:42","guid":{"rendered":"https:\/\/docthinks.com\/producto\/academy\/"},"modified":"2025-01-21T12:40:56","modified_gmt":"2025-01-21T12:40:56","slug":"academy","status":"publish","type":"product","link":"https:\/\/docthinks.com\/ca\/producto\/academy\/","title":{"rendered":"Academy"},"content":{"rendered":"<p>Si tot just esteu comen\u00e7ant, subscriviu-vos amb un perfil D&#8217;ACAD\u00c8MIA i tingueu acc\u00e9s a tots Els Itineraris Educatius i Entrevistes<\/p>\n<p>Avantatges:<\/p>\n<ul>\n<li>Acc\u00e9s a continguts v\u00eddeos itineraris<\/li>\n<li>Pagament \u00fanic<strong> (PER VIDA)<\/strong><\/li>\n<\/ul>\n","protected":false},"excerpt":{"rendered":"<p>Si tot just esteu comen\u00e7ant, subscriviu-vos amb un perfil D&#8217;ACAD\u00c8MIA i tingueu acc\u00e9s a tots Els Itineraris Educatius i Entrevistes<\/p>\n","protected":false},"featured_media":2445,"template":"","meta":{"iawp_total_views":0},"product_brand":[],"product_cat":[221],"product_tag":[],"class_list":{"0":"post-4387","1":"product","2":"type-product","3":"status-publish","4":"has-post-thumbnail","6":"product_cat-sin-categorizar-ca","8":"first","9":"instock","10":"virtual","11":"sold-individually","12":"taxable","13":"purchasable","14":"product-type-simple"},"_links":{"self":[{"href":"https:\/\/docthinks.com\/ca\/wp-json\/wp\/v2\/product\/4387","targetHints":{"allow":["GET"]}}],"collection":[{"href":"https:\/\/docthinks.com\/ca\/wp-json\/wp\/v2\/product"}],"about":[{"href":"https:\/\/docthinks.com\/ca\/wp-json\/wp\/v2\/types\/product"}],"wp:featuredmedia":[{"embeddable":true,"href":"https:\/\/docthinks.com\/ca\/wp-json\/wp\/v2\/media\/2445"}],"wp:attachment":[{"href":"https:\/\/docthinks.com\/ca\/wp-json\/wp\/v2\/media?parent=4387"}],"wp:term":[{"taxonomy":"product_brand","embeddable":true,"href":"https:\/\/docthinks.com\/ca\/wp-json\/wp\/v2\/product_brand?post=4387"},{"taxonomy":"product_cat","embeddable":true,"href":"https:\/\/docthinks.com\/ca\/wp-json\/wp\/v2\/product_cat?post=4387"},{"taxonomy":"product_tag","embeddable":true,"href":"https:\/\/docthinks.com\/ca\/wp-json\/wp\/v2\/product_tag?post=4387"}],"curies":[{"name":"wp","href":"https:\/\/api.w.org\/{rel}","templated":true}]}}