{"id":4386,"date":"2024-10-15T08:30:17","date_gmt":"2024-10-15T08:30:17","guid":{"rendered":"https:\/\/docthinks.com\/producto\/pro\/"},"modified":"2026-02-25T15:42:43","modified_gmt":"2026-02-25T15:42:43","slug":"pro","status":"publish","type":"product","link":"https:\/\/docthinks.com\/ca\/producto\/pro\/","title":{"rendered":"PRO"},"content":{"rendered":"<p><span style=\"font-weight: 400;\">Si ets un professional, aconsegueix la teva subscripci\u00f3 avan\u00e7ada que inclogui un perfil PRO i acc\u00e9s als perfils de la resta de LA COMUNITAT.<\/span><\/p>\n<p>Avantatges:<\/p>\n<ul>\n<li>Acc\u00e9s a les entrevistes<\/li>\n<li>Acc\u00e9s als itineraris pedag\u00f2gics<\/li>\n<li>Perfil professional a la comunitat<\/li>\n<li>Publicar sobre les teves pel\u00b7l\u00edcules i projectes<\/li>\n<li>Acc\u00e9s al Member Chat per connectar amb altres persones de la comunitat<\/li>\n<\/ul>\n","protected":false},"excerpt":{"rendered":"<p><span style=\"font-weight: 400;\">Si ets un professional, aconsegueix la teva subscripci\u00f3 avan\u00e7ada que inclogui un perfil PRO i acc\u00e9s als perfils de la resta de LA COMUNITAT.<\/span><\/p>\n","protected":false},"featured_media":2445,"template":"","meta":{"iawp_total_views":0},"product_brand":[],"product_cat":[221],"product_tag":[],"class_list":{"0":"post-4386","1":"product","2":"type-product","3":"status-publish","4":"has-post-thumbnail","6":"product_cat-sin-categorizar-ca","8":"first","9":"instock","10":"virtual","11":"sold-individually","12":"taxable","13":"purchasable","14":"product-type-simple"},"_links":{"self":[{"href":"https:\/\/docthinks.com\/ca\/wp-json\/wp\/v2\/product\/4386","targetHints":{"allow":["GET"]}}],"collection":[{"href":"https:\/\/docthinks.com\/ca\/wp-json\/wp\/v2\/product"}],"about":[{"href":"https:\/\/docthinks.com\/ca\/wp-json\/wp\/v2\/types\/product"}],"wp:featuredmedia":[{"embeddable":true,"href":"https:\/\/docthinks.com\/ca\/wp-json\/wp\/v2\/media\/2445"}],"wp:attachment":[{"href":"https:\/\/docthinks.com\/ca\/wp-json\/wp\/v2\/media?parent=4386"}],"wp:term":[{"taxonomy":"product_brand","embeddable":true,"href":"https:\/\/docthinks.com\/ca\/wp-json\/wp\/v2\/product_brand?post=4386"},{"taxonomy":"product_cat","embeddable":true,"href":"https:\/\/docthinks.com\/ca\/wp-json\/wp\/v2\/product_cat?post=4386"},{"taxonomy":"product_tag","embeddable":true,"href":"https:\/\/docthinks.com\/ca\/wp-json\/wp\/v2\/product_tag?post=4386"}],"curies":[{"name":"wp","href":"https:\/\/api.w.org\/{rel}","templated":true}]}}