{"id":4382,"date":"2024-11-05T22:32:55","date_gmt":"2024-11-05T22:32:55","guid":{"rendered":"https:\/\/docthinks.com\/producto\/update-pro\/"},"modified":"2025-01-21T12:43:26","modified_gmt":"2025-01-21T12:43:26","slug":"update-pro","status":"publish","type":"product","link":"https:\/\/docthinks.com\/ca\/producto\/update-pro\/","title":{"rendered":"UPDATE \u2014 PRO"},"content":{"rendered":"<p>Si ets un professional, aconsegueix la teva subscripci\u00f3 avan\u00e7ada que inclogui un perfil PRO i acc\u00e9s als perfils de la resta de LA COMUNITAT.<\/p>\n<p>Avantatges:<\/p>\n<ul>\n<li>Acc\u00e9s a tenir un perfil a la comunitat<\/li>\n<li>Veure i contactar amb altres perfils professionals<\/li>\n<li>Acc\u00e9s a itineraris de v\u00eddeo<\/li>\n<li>Pagament \u00fanic (PER VIDA)<\/li>\n<\/ul>\n","protected":false},"excerpt":{"rendered":"<p>Si ets un professional, aconsegueix la teva subscripci\u00f3 avan\u00e7ada que inclogui un perfil PRO i acc\u00e9s als perfils de la resta de LA COMUNITAT.<\/p>\n","protected":false},"featured_media":2445,"template":"","meta":{"iawp_total_views":0},"product_brand":[],"product_cat":[221],"product_tag":[],"class_list":{"0":"post-4382","1":"product","2":"type-product","3":"status-publish","4":"has-post-thumbnail","6":"product_cat-sin-categorizar-ca","8":"first","9":"instock","10":"virtual","11":"sold-individually","12":"taxable","13":"purchasable","14":"product-type-simple"},"_links":{"self":[{"href":"https:\/\/docthinks.com\/ca\/wp-json\/wp\/v2\/product\/4382","targetHints":{"allow":["GET"]}}],"collection":[{"href":"https:\/\/docthinks.com\/ca\/wp-json\/wp\/v2\/product"}],"about":[{"href":"https:\/\/docthinks.com\/ca\/wp-json\/wp\/v2\/types\/product"}],"wp:featuredmedia":[{"embeddable":true,"href":"https:\/\/docthinks.com\/ca\/wp-json\/wp\/v2\/media\/2445"}],"wp:attachment":[{"href":"https:\/\/docthinks.com\/ca\/wp-json\/wp\/v2\/media?parent=4382"}],"wp:term":[{"taxonomy":"product_brand","embeddable":true,"href":"https:\/\/docthinks.com\/ca\/wp-json\/wp\/v2\/product_brand?post=4382"},{"taxonomy":"product_cat","embeddable":true,"href":"https:\/\/docthinks.com\/ca\/wp-json\/wp\/v2\/product_cat?post=4382"},{"taxonomy":"product_tag","embeddable":true,"href":"https:\/\/docthinks.com\/ca\/wp-json\/wp\/v2\/product_tag?post=4382"}],"curies":[{"name":"wp","href":"https:\/\/api.w.org\/{rel}","templated":true}]}}