{"id":7896,"date":"2025-04-08T04:59:38","date_gmt":"2025-04-08T04:59:38","guid":{"rendered":"https:\/\/docthinks.com\/avis-legal\/"},"modified":"2025-04-08T05:02:55","modified_gmt":"2025-04-08T05:02:55","slug":"avis-legal","status":"publish","type":"page","link":"https:\/\/docthinks.com\/ca\/avis-legal\/","title":{"rendered":"Av\u00eds Legal"},"content":{"rendered":"\n<h1 class=\"wp-block-heading\">Av\u00eds legal<\/h1>\n\n\n\n<p><\/p>\n\n\n\n<p><\/p>\n\n\n\n<p><\/p>\n\n\n\n<p>L\u2019OBRADOR DEL REAL SLU, responsable del lloc web, d\u2019ara endavant RESPONSABLE, posa a disposici\u00f3 dels usuaris el present document, amb el qual pret\u00e9n donar compliment a les obligacions disposades en la Llei 34\/2002, d\u201911 de juliol, de Serveis de la Societat de la Informaci\u00f3 i de Comer\u00e7 Electr\u00f2nic (LSSICE), BOE N\u00fam. condicions d\u00fas.<\/p>\n\n\n\n<p>Tota persona que accedeixi a aquest lloc web assumeix el paper d\u2019usuari, comprometent-se a l\u2019observan\u00e7a i el compliment rigor\u00f3s de les disposicions aqu\u00ed disposades, aix\u00ed com a qualsevol altra disposici\u00f3 legal que sigui aplicable.<\/p>\n\n\n\n<p>L\u2019OBRADOR DEL REAL SLU es reserva el dret de modificar qualsevol tipus d\u2019informaci\u00f3 que pogu\u00e9s apar\u00e8ixer al lloc web, sense que hi hagi obligaci\u00f3 de preavisar o posar en coneixement dels usuaris aquestes obligacions, entenent com a suficient la publicaci\u00f3 al lloc web de L\u2019OBRADOR DEL REAL SLU.<\/p>\n\n\n\n<p><strong>1. DADES IDENTIFICATIVES<\/strong><\/p>\n\n\n\n<p>Nom de domini: docthinks.com\/<\/p>\n\n\n\n<p>Nom comercial: DOCTHINKS<\/p>\n\n\n\n<p>Denominaci\u00f3 social: L\u2019OBRADOR DEL REAL SLU<\/p>\n\n\n\n<p>NIF: B04974010<\/p>\n\n\n\n<p>Domicili social: Passatge Guillem de Torrella 1, 2\u00baG, &#8211; 07002 Palma (Balears) ESPANYA<\/p>\n\n\n\n<p>Correu electr\u00f2nic: info@docthinks.com<\/p>\n\n\n\n<p>Registre Mercantil Palma Full PM-90844 Tom 2894 Foli 109<\/p>\n\n\n\n<p><strong>2. DRETS DE PROPIETAT INTEL\u00b7LECTUAL I INDUSTRIAL<\/strong><\/p>\n\n\n\n<p>El lloc web, incloent-hi a t\u00edtol enunciatiu per\u00f2 no limitatiu la seva programaci\u00f3, edici\u00f3, compilaci\u00f3 i altres elements necessaris per al seu funcionament, els dissenys, logotips, text i\/o gr\u00e0fics, s\u00f3n propietat del RESPONSABLE o, en tot cas, disposa de llic\u00e8ncia o autoritzaci\u00f3 expressa per part dels autors. En concret:<\/p>\n\n\n\n<p>L\u2019OBRADOR DEL REAL SLU \u00e9s cession\u00e0ria leg\u00edtima de les llic\u00e8ncies d\u2019explotaci\u00f3 seg\u00fcents:<\/p>\n\n\n\n<ul class=\"wp-block-list\">\n<li>WordPress i Misha 22MW (programari),<\/li>\n\n\n\n<li>\u00c1ngel Luque (disseny web i identitat visual),<\/li>\n\n\n\n<li>Miguel Eek (textos),<\/li>\n\n\n\n<li>Google Fonts (tipografies).<\/li>\n<\/ul>\n\n\n\n<p>El RESPONSABLE reconeix a favor dels seus titulars els corresponents drets de propietat intel\u00b7lectual i industrial, i no implica la seva sola menci\u00f3 o aparici\u00f3 al lloc web l\u2019exist\u00e8ncia de responsabilitat, suport, patrocini o recomanaci\u00f3 per part d\u2019aquest.<\/p>\n\n\n\n<p>En virtut del que disposen els articles 17 i 43 de la Llei de propietat intel\u00b7lectual espanyola, DOCTHINKS manifesta que queden expressament prohibides la reproducci\u00f3, la distribuci\u00f3 i la comunicaci\u00f3 p\u00fablica, inclosa la seva modalitat de posada a disposici\u00f3, de la totalitat o part dels continguts d\u2019aquesta p\u00e0gina web, amb fins comercials o no, en qualsevol suport i per qualsevol mitj\u00e0 t\u00e8cnic, sense la seva autoritzaci\u00f3. Qualsevol \u00fas no autoritzat pr\u00e8viament es considera un incompliment greu dels drets de propietat intel\u00b7lectual o industrial de l\u2019autor o titular dels mateixos.<\/p>\n\n\n\n<p>Per fer qualsevol tipus d\u2019observaci\u00f3 respecte als drets de propietat intel\u00b7lectual o industrial indicats, aix\u00ed com sobre qualsevol dels continguts del lloc web, podeu fer-ho a trav\u00e9s del correu electr\u00f2nic info@docthinks.com.<\/p>\n\n\n\n<p><strong>3. CONDICIONS D\u2019\u00daS DEL LLOC WEB<\/strong><\/p>\n\n\n\n<p>El mer acc\u00e9s i\/o utilitzaci\u00f3 d\u2019aquest lloc web significa la plena acceptaci\u00f3 de les presents condicions generals d\u2019\u00fas i les legalitats establertes. En cas de no estar conforme aquests termes, se sol\u00b7licita abstenir-se d\u2019utilitzar el lloc web i qualsevol dels serveis, productes i continguts subministrats.<\/p>\n\n\n\n<p>En primer lloc, nom\u00e9s les persones jur\u00eddiques i les persones majors de 16 anys podran fer \u00fas dels esmentats elements que ofereix aquest Lloc Web.<\/p>\n\n\n\n<p>A m\u00e9s, els usuaris de docthinks.com\/ es comprometen a fer un \u00fas adequat d\u2019aquest portal.<\/p>\n\n\n\n<p>Aix\u00f2 significa, amb car\u00e0cter enunciatiu per\u00f2 no limitatiu, que un usuari no pot fer servir els continguts del lloc web per:<\/p>\n\n\n\n<p>(i) inc\u00f3rrer en activitats il\u00b7l\u00edcites, il\u00b7legals o contr\u00e0ries a la bona fe ia l\u2019ordre p\u00fablic;<\/p>\n\n\n\n<p>(ii) difondre continguts o propaganda de car\u00e0cter racista, xen\u00f2fob, pornogr\u00e0fic-il\u00b7legal, d\u2019apologia del terrorisme o atemptatori contra els drets humans;<\/p>\n\n\n\n<p>(iii) provocar danys als sistemes f\u00edsics i l\u00f2gics d\u2019EL RESPONSABLE, els dels seus prove\u00efdors o de terceres persones, introduir o difondre a la xarxa virus inform\u00e0tics o qualssevol altres sistemes f\u00edsics o l\u00f2gics que siguin susceptibles de provocar els danys anteriorment esmentats;<\/p>\n\n\n\n<p>(iv) intentar accedir i, si escau, utilitzar els comptes de correu electr\u00f2nic d\u2019altres usuaris i modificar o manipular els missatges.<\/p>\n\n\n\n<p>En tot cas, el RESPONSABLE es reserva el dret de retirar tots aquells comentaris i aportacions que vulnerin el respecte a la dignitat de la persona, que siguin discriminatoris, xen\u00f2fobs, racistes, pornogr\u00e0fics, que atemptin contra la joventut o la inf\u00e0ncia, l\u2019ordre o la seguretat p\u00fablica o que, segons el parer del RESPONSABLE, no en resulta. Aix\u00ed mateix, DOCTHINKS no es fa responsable de les opinions abocades pels usuaris a trav\u00e9s dels f\u00f2rums, xats, o altres eines de participaci\u00f3.<\/p>\n\n\n\n<p><strong>4. PRIVACITAT I COOKIES<\/strong><\/p>\n\n\n\n<p>Si vols obtenir informaci\u00f3 sobre el tractament de les teves dades personals i les cookies utilitzades a docthinks.com\/, pots consultar la Pol\u00edtica de Privadesa i Pol\u00edtica de cookies, respectivament.<\/p>\n\n\n\n<p><strong>5. EXEMPCI\u00d3 DE RESPONSABILITATS<\/strong><\/p>\n\n\n\n<p>El RESPONSABLE s\u2019eximeix de qualsevol tipus de responsabilitat derivada de la informaci\u00f3 publicada al seu lloc web sempre que no tingui coneixement efectiu que aquesta informaci\u00f3 hagi estat manipulada o introdu\u00efda per un tercer ali\u00e8 al mateix o, si en t\u00e9, hagi actuat amb dilig\u00e8ncia per retirar les dades o fer impossible accedir-hi.<\/p>\n\n\n\n<p>En concret, DOCTHINKS no es fa responsable ni atorga cap garantia dels danys i perjudicis de qualsevol naturalesa que poguessin tenir lloc per:<\/p>\n\n\n\n<ul class=\"wp-block-list\">\n<li>errors o omissions en els continguts<\/li>\n\n\n\n<li>manca de disponibilitat del portal<\/li>\n\n\n\n<li>la transmissi\u00f3 de virus o programes maliciosos o lesius en els continguts, tot i haver adoptat totes les mesures tecnol\u00f2giques necess\u00e0ries per evitar-ho.<\/li>\n<\/ul>\n\n\n\n<p>Igualment, no es fa responsable dels danys que puguin tenir lloc per l\u00fas il\u00b7legal o indegut del present lloc web.<\/p>\n\n\n\n<p><strong>\u00das de galetes<\/strong><\/p>\n\n\n\n<p>Aquest lloc web pot utilitzar cookies t\u00e8cniques (petits arxius dinformaci\u00f3 que el servidor envia a lordinador de qui accedeix a la p\u00e0gina) per dur a terme determinades funcions que s\u00f3n considerades imprescindibles per al correcte funcionament i visualitzaci\u00f3 del lloc. Les galetes utilitzades tenen, en tot cas, car\u00e0cter temporal, amb l\u2019\u00fanica finalitat de fer m\u00e9s efica\u00e7 la navegaci\u00f3, i desapareixen en acabar la sessi\u00f3 de l\u2019usuari. En cap cas, aquestes galetes proporcionen per si mateixes dades de car\u00e0cter personal i no s\u2019utilitzaran per a la recollida dels mateixos.<\/p>\n\n\n\n<p>Mitjan\u00e7ant l\u2019\u00fas de cookies tamb\u00e9 \u00e9s possible que el servidor on es troba la web reconegui el navegador utilitzat per l\u2019usuari amb la finalitat que la navegaci\u00f3 sigui m\u00e9s senzilla, permetent, per exemple, l\u2019acc\u00e9s dels usuaris que s\u2019hagin registrat pr\u00e8viament a les \u00e0rees, serveis, promocions o concursos reservats exclusivament a aquests sense haver de registrar-se a cada visita. Tamb\u00e9 es poden utilitzar per mesurar l\u2019audi\u00e8ncia, par\u00e0metres de tr\u00e0nsit, controlar el progr\u00e9s i el nombre d\u2019entrades, etc., en aquests casos s\u00f3n galetes prescindibles t\u00e8cnicament, per\u00f2 beneficioses per a l\u2019usuari. Aquest lloc web no instal\u00b7lar\u00e0 galetes prescindibles sense el consentiment previ de l\u2019usuari.<\/p>\n\n\n\n<p>L\u2019usuari t\u00e9 la possibilitat de configurar el vostre navegador per ser alertat de la recepci\u00f3 de cookies i per impedir la seva instal\u00b7laci\u00f3 al vostre equip. Si us plau, consulteu la nostra Pol\u00edtica de Cookies per ampliar aquesta informaci\u00f3.<\/p>\n\n\n\n<p><strong>Pol\u00edtica d\u2019enlla\u00e7os<\/strong><\/p>\n\n\n\n<p>Des del lloc web, \u00e9s possible que es redirigeixi a continguts de tercers llocs web. El RESPONSABLE adverteix expressament que no t\u00e9 cap control sobre els enlla\u00e7os i\/o continguts externs que puguin existir al Lloc web, per la qual cosa no se\u2019n fa responsable, ni garantir\u00e0 la disponibilitat t\u00e8cnica, qualitat, fiabilitat, exactitud, amplitud, veracitat o validesa de qualsevol material o informaci\u00f3 all\u00ed continguda. Igualment, la inclusi\u00f3 d\u2019aquestes connexions externes no implicar\u00e0 cap mena d\u2019associaci\u00f3, fusi\u00f3 o participaci\u00f3 amb les entitats connectades.<\/p>\n\n\n\n<p>En tot cas, el RESPONSABLE procedir\u00e0 a la retirada immediata de qualsevol contingut que pogu\u00e9s contravenir la legislaci\u00f3 nacional o internacional, la moral o l\u2019ordre p\u00fablic, procedint a la retirada immediata de la redirecci\u00f3 a aquest lloc web, posant en coneixement de les autoritats competents el contingut en q\u00fcesti\u00f3.<\/p>\n\n\n\n<p>El RESPONSABLE no es fa responsable de la informaci\u00f3 i continguts emmagatzemats, a t\u00edtol enunciatiu per\u00f2 no limitatiu, en f\u00f2rums, xats, generadors de blocs, comentaris, xarxes socials o qualsevol altre mitj\u00e0 que permeti a tercers publicar continguts de forma independent a la p\u00e0gina web del RESPONSABLE. No obstant aix\u00f2, i en compliment del que disposen els articles 11 i 16 de la LSSICE, es posa a disposici\u00f3 de tots els usuaris, autoritats i forces de seguretat, col\u00b7laborant de manera activa en la retirada o, si escau, bloqueig de tots aquells continguts que puguin afectar o contravenir la legislaci\u00f3 nacional o internacional, els drets de tercers o la moral i l\u2019ordre p\u00fablic. En cas que l\u2019usuari consideri que hi ha al lloc web algun contingut que pogu\u00e9s ser susceptible d\u2019aquesta classificaci\u00f3, es prega que ho notifiqui de manera immediata a l\u2019administrador del lloc web.<\/p>\n\n\n\n<p>Aquest lloc web s\u2019ha revisat i provat perqu\u00e8 funcioni correctament. En principi, es pot garantir el funcionament correcte els 365 dies de l\u2019any, 24 hores al dia. Tot i aix\u00f2, el RESPONSABLE no descarta la possibilitat que hi hagi certs errors de programaci\u00f3, o que esdevinguin causes de for\u00e7a major, cat\u00e0strofes naturals, vagues o circumst\u00e0ncies semblants que facin impossible l\u2019acc\u00e9s a la p\u00e0gina web.<\/p>\n\n\n\n<p><strong>Adreces IP<\/strong><\/p>\n\n\n\n<p>Els servidors del lloc web podran detectar autom\u00e0ticament l\u2019adre\u00e7a IP i el nom de domini utilitzats per l\u2019usuari. Una adre\u00e7a IP \u00e9s un n\u00famero assignat autom\u00e0ticament a un ordinador quan aquest es connecta a Internet. Tota aquesta informaci\u00f3 es registra en un fitxer d\u2019activitat del servidor que permet el processament posterior de les dades per obtenir mesures \u00fanicament estad\u00edstiques que permetin con\u00e8ixer el nombre d\u2019impressions de p\u00e0gines, el nombre de visites realitzades als servidors web, l\u2019ordre de visites, el punt d\u2019acc\u00e9s, etc.<\/p>\n\n\n\n<p><strong>6. MESURES DE SEGURETAT<\/strong><\/p>\n\n\n\n<p>Les dades personals que comuniquis a DOCTHINKS poden ser emmagatzemades en bases de dades, automatitzades o no, la titularitat de les quals ens pertanyen en exclusiva, assumint aquesta part les mesures t\u00e8cniques, organitzatives i de seguretat que garanteixin la confidencialitat, integritat i qualitat de la informaci\u00f3 continguda en aquestes d\u2019acord amb el que estableix la normativa vigent de protecci\u00f3 de dades.<\/p>\n\n\n\n<p>La comunicaci\u00f3 entre els Usuaris i el RESPONSABLE es realitza a trav\u00e9s d\u2019un canal segur, i gr\u00e0cies a protocols https, les dades transmeses s\u00f3n xifrades, garantint aix\u00ed la confidencialitat dels Usuaris.<\/p>\n\n\n\n<p><strong>7. LLEI APLICABLE I JURISDICCI\u00d3<\/strong><\/p>\n\n\n\n<p>Amb car\u00e0cter general, la relaci\u00f3 entre la que subscriu i els usuaris del present lloc web es troba sotmesa a la legislaci\u00f3 i jurisdicci\u00f3 espanyola i en cas que tingui lloc qualsevol controv\u00e8rsia, aquesta se sotmetr\u00e0 als jutjats i tribunals corresponents a Palma, llevat que s\u2019atribueixi aquesta compet\u00e8ncia a \u00f2rgan diferent, en virtut d\u2019una llei especial.<\/p>\n\n\n\n<p>Aquest av\u00eds legal ha estat actualitzat per darrera vegada el 17\/03\/2025.<\/p>\n","protected":false},"excerpt":{"rendered":"<p>Av\u00eds legal L\u2019OBRADOR DEL REAL SLU, responsable del lloc web, d\u2019ara endavant RESPONSABLE, posa a disposici\u00f3 dels usuaris el present document, amb el qual pret\u00e9n donar compliment a les obligacions disposades en la Llei 34\/2002, d\u201911 de juliol, de Serveis de la Societat de la Informaci\u00f3 i de Comer\u00e7 Electr\u00f2nic (LSSICE), BOE N\u00fam. condicions d\u00fas. [&hellip;]<\/p>\n","protected":false},"author":22,"featured_media":0,"parent":0,"menu_order":-2,"comment_status":"closed","ping_status":"closed","template":"","meta":{"iawp_total_views":0,"footnotes":""},"class_list":["post-7896","page","type-page","status-publish","hentry"],"_links":{"self":[{"href":"https:\/\/docthinks.com\/ca\/wp-json\/wp\/v2\/pages\/7896","targetHints":{"allow":["GET"]}}],"collection":[{"href":"https:\/\/docthinks.com\/ca\/wp-json\/wp\/v2\/pages"}],"about":[{"href":"https:\/\/docthinks.com\/ca\/wp-json\/wp\/v2\/types\/page"}],"author":[{"embeddable":true,"href":"https:\/\/docthinks.com\/ca\/wp-json\/wp\/v2\/users\/22"}],"replies":[{"embeddable":true,"href":"https:\/\/docthinks.com\/ca\/wp-json\/wp\/v2\/comments?post=7896"}],"version-history":[{"count":0,"href":"https:\/\/docthinks.com\/ca\/wp-json\/wp\/v2\/pages\/7896\/revisions"}],"wp:attachment":[{"href":"https:\/\/docthinks.com\/ca\/wp-json\/wp\/v2\/media?parent=7896"}],"curies":[{"name":"wp","href":"https:\/\/api.w.org\/{rel}","templated":true}]}}