{"id":5017,"date":"2024-11-29T11:51:00","date_gmt":"2024-11-29T11:51:00","guid":{"rendered":"https:\/\/docthinks.com\/cookies\/"},"modified":"2025-04-09T09:19:34","modified_gmt":"2025-04-09T09:19:34","slug":"cookies","status":"publish","type":"page","link":"https:\/\/docthinks.com\/ca\/cookies\/","title":{"rendered":"POL\u00cdTICA DE COOKIES"},"content":{"rendered":"\n<h1 class=\"wp-block-heading\">POL\u00cdTICA DE COOKIES<\/h1>\n\n\n\n<p><strong>INFORMACI\u00d3 SOBRE COOKIES<\/strong><\/p>\n\n\n\n<p>D\u2019acord amb la Llei 34\/2002, de 11 de juliol, de serveis de la societat de la informaci\u00f3 i de comer\u00e7 electr\u00f2nic (LSSI), en relaci\u00f3 amb el Reglament (UE) 2016\/679 de el Parlament Europeu i de Consell, de 27 de abril de 2016, General de Protecci\u00f3 de Dades (GDPR) i la Llei Org\u00e0nica 3\/2018, de 5 de desembre, de Protecci\u00f3 de Dades i Garantia dels Drets Digitals (LOPDGDD), \u00e9s obligat obtenir el consentiment expr\u00e9s de l\u2019usuari de totes les p\u00e0gines web que fan servir cookies prescindibles, abans que aquest navegui per elles.<\/p>\n\n\n\n<p><strong>QU\u00c8 S\u00d3N LES COOKIES?<\/strong><\/p>\n\n\n\n<p>Les&nbsp;<em>cookies&nbsp;<\/em>i altres tecnologies similars com ara local shared objects, flash&nbsp;<em>cookies<\/em>&nbsp;o p\u00edxels, s\u00f3n eines emprades pels servidors Web per emmagatzemar i recuperar informaci\u00f3 sobre els seus visitants, aix\u00ed com per oferir un correcte funcionament del lloc.<\/p>\n\n\n\n<p>Mitjan\u00e7ant l\u2019\u00fas d\u2019aquests dispositius es permet al servidor Web recordar algunes dades referents a l\u2019usuari, com les seves prefer\u00e8ncies per a la visualitzaci\u00f3 de les p\u00e0gines d\u2019aquest servidor, nom i contrasenya, productes que m\u00e9s li interessen, etc.<\/p>\n\n\n\n<p><em><strong>COOKIES&nbsp;<\/strong><\/em><strong>AFECTADES PER LA NORMATIVA I COOKIES EXCEPTUADES<\/strong><\/p>\n\n\n\n<p>Segons la directiva de la UE, les&nbsp;<em>cookies&nbsp;<\/em>que requereixen el consentiment informat per part de l\u2019usuari s\u00f3n les&nbsp;<em>cookies&nbsp;<\/em>anal\u00edtiques i les de publicitat i afiliaci\u00f3, i queden exceptuades les de car\u00e0cter t\u00e8cnic i les necess\u00e0ries per al funcionament del lloc web o la prestaci\u00f3 de serveis expressament sol\u00b7licitats per l\u2019usuari.<\/p>\n\n\n\n<p><strong>TIPUS DE COOKIES<\/strong><\/p>\n\n\n\n<p><strong>SEGONS LA FINALITAT<\/strong><\/p>\n\n\n\n<ul class=\"wp-block-list\">\n<li><strong><em>Cookies\u00a0<\/em><\/strong><strong>t\u00e8cniques i funcionals<\/strong>: s\u00f3n les que permeten a l\u2019usuari navegar a trav\u00e9s d\u2019una p\u00e0gina web, plataforma o aplicaci\u00f3 i utilitzar les diferents opcions o serveis que hi hagi<em>.<\/em><\/li>\n\n\n\n<li><strong><em>Cookies\u00a0<\/em><\/strong><strong>d\u2019an\u00e0lisi<\/strong>: s\u00f3n les que permeten al responsable d\u2019aquestes monitoritzar i analitzar el comportament dels usuaris dels llocs web als quals estan vinculats. La informaci\u00f3 recollida mitjan\u00e7ant aquest tipus de\u00a0<em>cookies<\/em>\u00a0s\u2019utilitza en el mesurament de l\u2019activitat dels llocs web, aplicaci\u00f3 o plataforma i per elaborar perfils de navegaci\u00f3 dels usuaris d\u2019aquests llocs, aplicacions i plataformes, per tal d\u2019introduir millores en funci\u00f3 de l\u2019an\u00e0lisi de les dades d\u2019\u00fas que fan els usuaris del servei.<\/li>\n\n\n\n<li><strong><em>Cookies<\/em><\/strong>\u00a0<strong>publicit\u00e0ries:<\/strong>\u00a0s\u00f3n aquelles que permeten gestionar, de la manera m\u00e9s efica\u00e7 possible, els espais publicitaris que, si escau, l\u2019editor hagi incl\u00f2s en una p\u00e0gina web, aplicaci\u00f3 o plataforma des de la qual presta el servei sol\u00b7licitat segons criteris com el contingut editat o la freq\u00fc\u00e8ncia en qu\u00e8 es mostren els anuncis.<\/li>\n\n\n\n<li><strong><em>Cookies\u00a0<\/em><\/strong><strong>de publicitat comportamental<\/strong>: recullen informaci\u00f3 sobre les prefer\u00e8ncies i eleccions personals de l\u2019usuari (<em>retargeting<\/em>) per permetre gestionar, de la manera m\u00e9s efica\u00e7 possible, els espais publicitaris que, si escau, l\u2019editor hagi incl\u00f2s en una p\u00e0gina web, aplicaci\u00f3 o plataforma des de la qual presta el servei sol\u00b7licitat.<\/li>\n\n\n\n<li><strong><em>Cookies\u00a0<\/em><\/strong><strong>socials<\/strong>: s\u00f3n aquelles que han estat instal\u00b7lades per les plataformes de xarxes socials en els serveis per permetre-us compartir contingut amb els vostres amics i xarxes. Les plataformes de mitjans socials tenen la capacitat de rastrejar la vostra activitat en l\u00ednia fora dels Serveis. Aix\u00f2 pot afectar el contingut i els missatges que veieu en altres serveis que visiteu.<\/li>\n\n\n\n<li><strong><em>Cookies\u00a0<\/em>d\u2019afiliats<\/strong>: permeten fer un seguiment de les visites procedents d\u2019altres webs, amb les quals el lloc web estableix un contracte d\u2019afiliaci\u00f3 (empreses d\u2019afiliaci\u00f3).<\/li>\n\n\n\n<li><strong><em>Cookies\u00a0<\/em><\/strong><strong>de seguretat<\/strong>: emmagatzemen informaci\u00f3 xifrada per evitar que les dades que s\u2019hi guarden siguin vulnerables a atacs maliciosos de tercers.<\/li>\n<\/ul>\n\n\n\n<p><strong>SEGONS LA PROPIETAT<\/strong><\/p>\n\n\n\n<ul class=\"wp-block-list\">\n<li><strong><em>Cookies<\/em><\/strong><strong>\u00a0pr\u00f2pies<\/strong>: s\u00f3n les que s\u2019envien a l\u2019equip terminal de l\u2019usuari des d\u2019un equip o domini gestionat pel propi editor i des del qual es proporciona el servei sol\u00b7licitat per l\u2019usuari.<\/li>\n\n\n\n<li><strong><em>Cookies<\/em><\/strong>\u00a0<strong>de tercers:<\/strong>\u00a0s\u00f3n les que s\u2019envien a l\u2019equip terminal de l\u2019usuari des d\u2019un equip o domini que no \u00e9s gestionat per l\u2019editor, sin\u00f3 per una altra entitat que tracta les dades obtingudes mitjan\u00e7ant les cookies.<\/li>\n<\/ul>\n\n\n\n<p><strong>SEGONS EL TERMINI DE CONSERVACI\u00d3<\/strong><\/p>\n\n\n\n<ul class=\"wp-block-list\">\n<li><strong><em>Cookies<\/em><\/strong><strong>\u00a0de sessi\u00f3:<\/strong>\u00a0s\u00f3n un tipus de\u00a0<em>cookies<\/em>\u00a0dissenyades per obtenir i emmagatzemar dades mentre l\u2019usuari accedeix a una p\u00e0gina web.<\/li>\n\n\n\n<li><strong><em>Cookies<\/em><\/strong><strong>\u00a0persistents:<\/strong>\u00a0s\u00f3n un tipus de cookies en qu\u00e8 les dades segueixen emmagatzemades en el terminal i poden ser accedides i tractades durant un per\u00edode definit pel responsable de la\u00a0<em>cookie<\/em>, i que durar des d\u2019uns minuts a diversos anys.<\/li>\n<\/ul>\n\n\n\n<p><strong>TRACTAMENT DE DADES PERSONALS<\/strong><\/p>\n\n\n\n<p>EL OBRADOR DE LO REAL SLU \u00e9s el&nbsp;<strong>Responsable del tractament<\/strong>&nbsp;de les dades personals de l\u2019<strong>Interessat<\/strong>&nbsp;i l\u2019informa que aquestes dades es tractaran de conformitat amb el que estableix el Reglament (UE) 2016\/679, de 27 d\u2019abril de 2016 (GDPR), per la qual cosa se li facilita la seg\u00fcent informaci\u00f3 del tractament:<\/p>\n\n\n\n<p><strong>Finalitats del tractament:&nbsp;<\/strong>segons s\u2019especifica en l\u2019apartat de&nbsp;<em>cookies&nbsp;<\/em>que s\u2019utilitzen en aquest lloc web.<strong>Legitimaci\u00f3 del tractament<\/strong>: llevat dels casos en qu\u00e8 resulti necessari per a la navegaci\u00f3 per la web, per consentiment de l\u2019interessat (art. 6.1.a GDPR).<\/p>\n\n\n\n<p><strong>Criteris de conservaci\u00f3 de les dades<\/strong>: segons s\u2019especifica en l\u2019apartat de&nbsp;<em>cookies&nbsp;<\/em>utilitzades al web.<\/p>\n\n\n\n<p><strong>Comunicaci\u00f3 de les dades<\/strong>: no es comunicaran les dades a tercers, excepte en cookies propietat de tercers o per obligaci\u00f3 legal.<\/p>\n\n\n\n<p><strong>Drets que t\u00e9 l\u2019Interessat<\/strong>:<\/p>\n\n\n\n<p>&#8211; Dret a retirar el consentiment en qualsevol moment.<br>Dret d\u2019acc\u00e9s, rectificaci\u00f3, portabilitat i supressi\u00f3 de les seves dades i de limitaci\u00f3 o oposici\u00f3 al seu tractament.<br>&#8211; Dret a presentar una reclamaci\u00f3 davant l\u2019Autoritat de control (www.aepd.es) si considera que el tractament no s\u2019ajusta a la normativa vigent.<\/p>\n\n\n\n<p><strong>Dades de contacte per exercir els seus drets:<\/strong><\/p>\n\n\n\n<p>EL OBRADOR DE LO REAL SLU.Passatge Guillem de Torrella 1, 2\u00baG, &#8211; 07002 Palma (Illes Balears). E-mail: info@el-obrador.com<br><\/p>\n\n\n\n<p><strong>COOKIES UTILITZADES EN AQUEST LLOC WEB<\/strong><\/p>\n\n\n\n<h4 class=\"wp-block-heading\">COOKIES CONTROLADES PER L\u2019EDITOR<\/h4>\n\n\n\n<h4 class=\"wp-block-heading\">T\u00e8cniques i funcional<\/h4>\n\n\n\n<figure class=\"wp-block-table\"><table class=\"has-fixed-layout\"><tbody><tr><th>Propietat<\/th><th>Cookie<\/th><th>Finalitat<\/th><th>Pla\u00e7<\/th><\/tr><tr><td>docthinks.com<\/td><td><strong>cmplz_banner-status<\/strong><\/td><td>Cookie necess\u00e0ria per a la utilitzaci\u00f3 de les opcions i serveis de la p\u00e0gina web<\/td><td>en 12 mesos<\/td><\/tr><tr><td>docthinks.com<\/td><td><strong>sbjs_current<\/strong><\/td><td>Cookie necess\u00e0ria per a la utilitzaci\u00f3 de les opcions i serveis de la p\u00e0gina web<\/td><td>en 22 dies<\/td><\/tr><tr><td>docthinks.com<\/td><td><strong>sbjs_current_add<\/strong><\/td><td>Cookie necess\u00e0ria per a la utilitzaci\u00f3 de les opcions i serveis de la p\u00e0gina web<\/td><td>en 22 dies<\/td><\/tr><tr><td>docthinks.com<\/td><td><strong>sbjs_first<\/strong><\/td><td>Cookie necess\u00e0ria per a la utilitzaci\u00f3 de les opcions i serveis de la p\u00e0gina web<\/td><td>en 22 dies<\/td><\/tr><tr><td>docthinks.com<\/td><td><strong>sbjs_first_add<\/strong><\/td><td>Cookie necess\u00e0ria per a la utilitzaci\u00f3 de les opcions i serveis de la p\u00e0gina web<\/td><td>en 22 dies<\/td><\/tr><tr><td>docthinks.com<\/td><td><strong>sbjs_migrations<\/strong><\/td><td>Cookie necess\u00e0ria per a la utilitzaci\u00f3 de les opcions i serveis de la p\u00e0gina web<\/td><td>en 22 dies<\/td><\/tr><tr><td>docthinks.com<\/td><td><strong>sbjs_session<\/strong><\/td><td>Cookie necess\u00e0ria per a la utilitzaci\u00f3 de les opcions i serveis de la p\u00e0gina web<\/td><td>Sessi\u00f3<\/td><\/tr><tr><td>docthinks.com<\/td><td><strong>sbjs_udata<\/strong><\/td><td>Cookie necess\u00e0ria per a la utilitzaci\u00f3 de les opcions i serveis de la p\u00e0gina web<\/td><td>en 22 dies<\/td><\/tr><tr><td>docthinks.com<\/td><td><strong>wp-wpml_current_language<\/strong><\/td><td>Cookie necess\u00e0ria per a la utilitzaci\u00f3 de les opcions i serveis de la p\u00e0gina web<\/td><td>en 22 dies<\/td><\/tr><\/tbody><\/table><\/figure>\n\n\n\n<h4 class=\"wp-block-heading\">COOKIES DE TERCERS<\/h4>\n\n\n\n<p>Els serveis de tercers s\u00f3n aliens al control de l\u2019editor. Els prove\u00efdors poden modificar en qualsevol moment les seves condicions de servei, finalitat i \u00fas de les cookies, etc.<\/p>\n\n\n\n<p><strong>Prove\u00efdors externs d\u2019aquest lloc web:<\/strong><\/p>\n\n\n\n<p>No s&#8217;instal\u00b7len cookies controlades per tercers<\/p>\n\n\n\n<figure class=\"wp-block-table\"><table class=\"has-fixed-layout\"><tbody><tr><td><strong>PANELL DE CONFIGURACI\u00d3 DE COOKIES<\/strong><\/td><\/tr><\/tbody><\/table><\/figure>\n\n\n\n<p>Des d\u2019aquest panell pot configurar les cookies que el lloc web pot instal\u00b7lar en el seu navegador, excepte les cookies t\u00e8cniques o funcionals que s\u00f3n necess\u00e0ries per a la navegaci\u00f3 i la utilitzaci\u00f3 de les diferents opcions o serveis que s\u2019ofereixen.<\/p>\n\n\n\n<p><a href=\"https:\/\/docthinks.com\/ca\/\">Panell de cookies<\/a><\/p>\n\n\n\n<figure class=\"wp-block-table\"><table class=\"has-fixed-layout\"><tbody><tr><td><strong>COM GESTIONAR LES COOKIES DES DEL NAVEGADOR<\/strong><\/td><\/tr><\/tbody><\/table><\/figure>\n\n\n\n<figure class=\"wp-block-table\"><table class=\"has-fixed-layout\"><tbody><tr><td><strong>Eliminar les cookies del dispositiu<\/strong><\/td><td>Les cookies que ja es troben en un dispositiu es poden eliminar esborrant l\u2019historial del navegador, de manera que se suprimeixen les cookies de tots els llocs web visitats.<br>No obstant aix\u00f2, tamb\u00e9 es pot perdre part de la informaci\u00f3 desada (per exemple, les dades d\u2019inici de sessi\u00f3 o les prefer\u00e8ncies de lloc web).<\/td><\/tr><tr><td><strong>Gestionar les cookies espec\u00edfiques del lloc<\/strong><\/td><td>Per tenir un control m\u00e9s prec\u00eds de les cookies espec\u00edfiques de cada lloc, els usuaris poden ajustar la seva configuraci\u00f3 de privacitat i cookies al navegador.<\/td><\/tr><tr><td><strong>Bloquejar les cookies<\/strong><\/td><td>Encara que la majoria dels navegadors moderns es poden configurar per evitar que s\u2019instal\u00b7lin cookies en els dispositius, aix\u00f2 pot obligar a ajustar manualment determinades prefer\u00e8ncies cada vegada que es visiti un lloc o p\u00e0gina. A m\u00e9s, alguns serveis i caracter\u00edstiques poden no funcionar correctament (per exemple, els inicis de sessi\u00f3 amb perfil).<\/td><\/tr><\/tbody><\/table><\/figure>\n\n\n\n<figure class=\"wp-block-table\"><table class=\"has-fixed-layout\"><tbody><tr><td><strong>COM ELIMINAR LES COOKIES DELS NAVEGADORS M\u00c9S COMUNS<\/strong><\/td><\/tr><\/tbody><\/table><\/figure>\n\n\n\n<figure class=\"wp-block-table\"><table class=\"has-fixed-layout\"><tbody><tr><td><strong>Chrome<\/strong><\/td><td><a href=\"http:\/\/support.google.com\/chrome\/answer\/95647?hl=es\" target=\"_blank\" rel=\"noreferrer noopener\">http:\/\/support.google.com\/chrome\/answer\/95647?hl=es<\/a><\/td><\/tr><tr><td><strong>Edge<\/strong><\/td><td><a href=\"https:\/\/support.microsoft.com\/es-es\/microsoft-edge\/eliminar-las-cookies-en-microsoft-edge-63947406-40ac-c3b8-57b9-2a946a29ae09\" target=\"_blank\" rel=\"noreferrer noopener\">https:\/\/support.microsoft.com\/es-es\/microsoft-edge\/eliminar-las-cookies-en-microsoft-edge-63947406-40ac-c3b8-57b9-2a946a29ae09<\/a><\/td><\/tr><tr><td><strong>Explorer<\/strong><\/td><td><a href=\"https:\/\/support.microsoft.com\/es-es\/help\/278835\/how-to-delete-cookie-files-in-internet-explorer\" target=\"_blank\" rel=\"noreferrer noopener\">https:\/\/support.microsoft.com\/es-es\/help\/278835\/how-to-delete-cookie-files-in-internet-explorer<\/a><\/td><\/tr><tr><td><strong>Firefox<\/strong><\/td><td><a href=\"https:\/\/www.mozilla.org\/es-ES\/privacy\/websites\/#cookies\" target=\"_blank\" rel=\"noopener noreferrer nofollow\">https:\/\/www.mozilla.org\/es-ES\/privacy\/websites\/#cookies<\/a><\/td><\/tr><tr><td><strong>Safari<\/strong><\/td><td><a href=\"https:\/\/support.apple.com\/es-es\/guide\/safari\/sfri11471\/mac\" target=\"_blank\" rel=\"noreferrer noopener\">https:\/\/support.apple.com\/es-es\/guide\/safari\/sfri11471\/mac<\/a><\/td><\/tr><tr><td><strong>Opera<\/strong><\/td><td><a href=\"https:\/\/help.opera.com\/en\/latest\/security-and-privacy\/#clearBrowsingData\" target=\"_blank\" rel=\"noopener noreferrer nofollow\">https:\/\/help.opera.com\/en\/latest\/security-and-privacy\/#clearBrowsingData<\/a><\/td><\/tr><\/tbody><\/table><\/figure>\n\n\n\n<p><\/p>\n","protected":false},"excerpt":{"rendered":"<p>POL\u00cdTICA DE COOKIES INFORMACI\u00d3 SOBRE COOKIES D\u2019acord amb la Llei 34\/2002, de 11 de juliol, de serveis de la societat de la informaci\u00f3 i de comer\u00e7 electr\u00f2nic (LSSI), en relaci\u00f3 amb el Reglament (UE) 2016\/679 de el Parlament Europeu i de Consell, de 27 de abril de 2016, General de Protecci\u00f3 de Dades (GDPR) i [&hellip;]<\/p>\n","protected":false},"author":22,"featured_media":0,"parent":0,"menu_order":19,"comment_status":"closed","ping_status":"closed","template":"","meta":{"iawp_total_views":0,"footnotes":""},"class_list":["post-5017","page","type-page","status-publish","hentry"],"_links":{"self":[{"href":"https:\/\/docthinks.com\/ca\/wp-json\/wp\/v2\/pages\/5017","targetHints":{"allow":["GET"]}}],"collection":[{"href":"https:\/\/docthinks.com\/ca\/wp-json\/wp\/v2\/pages"}],"about":[{"href":"https:\/\/docthinks.com\/ca\/wp-json\/wp\/v2\/types\/page"}],"author":[{"embeddable":true,"href":"https:\/\/docthinks.com\/ca\/wp-json\/wp\/v2\/users\/22"}],"replies":[{"embeddable":true,"href":"https:\/\/docthinks.com\/ca\/wp-json\/wp\/v2\/comments?post=5017"}],"version-history":[{"count":0,"href":"https:\/\/docthinks.com\/ca\/wp-json\/wp\/v2\/pages\/5017\/revisions"}],"wp:attachment":[{"href":"https:\/\/docthinks.com\/ca\/wp-json\/wp\/v2\/media?parent=5017"}],"curies":[{"name":"wp","href":"https:\/\/api.w.org\/{rel}","templated":true}]}}