{"id":11102,"date":"2026-03-06T12:14:15","date_gmt":"2026-03-06T12:14:15","guid":{"rendered":"https:\/\/docthinks.com\/comunitat-2\/"},"modified":"2026-03-10T12:22:23","modified_gmt":"2026-03-10T12:22:23","slug":"comunitat-2","status":"publish","type":"page","link":"https:\/\/docthinks.com\/ca\/comunitat-2\/","title":{"rendered":"Comunitat"},"content":{"rendered":"\t\t<div data-elementor-type=\"wp-page\" data-elementor-id=\"11102\" class=\"elementor elementor-11102 elementor-10737\" data-elementor-post-type=\"page\">\n\t\t\t\t<div class=\"elementor-element elementor-element-c44497b e-flex e-con-boxed e-con e-parent\" data-id=\"c44497b\" data-element_type=\"container\" data-e-type=\"container\" data-settings=\"{&quot;background_background&quot;:&quot;video&quot;,&quot;background_video_link&quot;:&quot;https:\\\/\\\/docthinks.com\\\/wp-content\\\/uploads\\\/2026\\\/03\\\/clips_docthinks_comunidad.mp4&quot;,&quot;background_play_on_mobile&quot;:&quot;yes&quot;}\">\n\t\t\t\t\t<div class=\"e-con-inner\">\n\t\t<div class=\"elementor-background-video-container\">\n\t\t\t\t\t\t\t<video class=\"elementor-background-video-hosted\" role=\"presentation\" autoplay muted playsinline loop><\/video>\n\t\t\t\t\t<\/div>\t\t<div class=\"elementor-element elementor-element-48b64f0 elementor-widget elementor-widget-heading\" data-id=\"48b64f0\" data-element_type=\"widget\" data-e-type=\"widget\" data-widget_type=\"heading.default\">\n\t\t\t\t\t<h3 class=\"elementor-heading-title elementor-size-default\"><div class=\"selectBg\">CONNECTA, COL\u00b7LABORA I CREIX<\/div><br> amb professionals del documental d'arreu del m\u00f3n <\/h3>\t\t\t\t<\/div>\n\t\t\t\t<div class=\"elementor-element elementor-element-edc1261 elementor-widget elementor-widget-heading\" data-id=\"edc1261\" data-element_type=\"widget\" data-e-type=\"widget\" data-widget_type=\"heading.default\">\n\t\t\t\t\t<h2 class=\"elementor-heading-title elementor-size-default\">Comparteix la teva feina i contrueix relacions en la comunitat del cinema de no ficci\u00f3.<\/h2>\t\t\t\t<\/div>\n\t\t\t\t\t<\/div>\n\t\t\t\t<\/div>\n\t\t<div class=\"elementor-element elementor-element-003bf91 e-flex e-con-boxed e-con e-parent\" data-id=\"003bf91\" data-element_type=\"container\" data-e-type=\"container\">\n\t\t\t\t\t<div class=\"e-con-inner\">\n\t\t\t\t<div class=\"elementor-element elementor-element-4d83ef9 elementor-widget elementor-widget-heading\" data-id=\"4d83ef9\" data-element_type=\"widget\" data-e-type=\"widget\" data-settings=\"{&quot;motion_fx_motion_fx_scrolling&quot;:&quot;yes&quot;,&quot;motion_fx_translateY_effect&quot;:&quot;yes&quot;,&quot;motion_fx_translateY_direction&quot;:&quot;negative&quot;,&quot;motion_fx_translateY_speed&quot;:{&quot;unit&quot;:&quot;px&quot;,&quot;size&quot;:3.4,&quot;sizes&quot;:[]},&quot;motion_fx_devices&quot;:[&quot;desktop&quot;],&quot;motion_fx_translateY_affectedRange&quot;:{&quot;unit&quot;:&quot;%&quot;,&quot;size&quot;:&quot;&quot;,&quot;sizes&quot;:{&quot;start&quot;:0,&quot;end&quot;:100}}}\" data-widget_type=\"heading.default\">\n\t\t\t\t\t<h2 class=\"elementor-heading-title elementor-size-default\">A Qu\u00e8 Pots Accedir?<\/h2>\t\t\t\t<\/div>\n\t\t\t\t\t<\/div>\n\t\t\t\t<\/div>\n\t\t<div class=\"elementor-element elementor-element-6ab5d7e e-flex e-con-boxed e-con e-parent\" data-id=\"6ab5d7e\" data-element_type=\"container\" data-e-type=\"container\" data-settings=\"{&quot;background_background&quot;:&quot;classic&quot;}\">\n\t\t\t\t\t<div class=\"e-con-inner\">\n\t\t<a class=\"elementor-element elementor-element-d27f0c4 e-con-full animated-slow e-flex elementor-invisible e-con e-child\" data-id=\"d27f0c4\" data-element_type=\"container\" data-e-type=\"container\" data-settings=\"{&quot;animation&quot;:&quot;fadeIn&quot;}\" href=\"https:\/\/docthinks.com\/ca\/comunitat\/\">\n\t\t\t\t<div class=\"elementor-element elementor-element-bfce038 elementor-widget elementor-widget-heading\" data-id=\"bfce038\" data-element_type=\"widget\" data-e-type=\"widget\" data-widget_type=\"heading.default\">\n\t\t\t\t\t<h2 class=\"elementor-heading-title elementor-size-default\">Directori de Membres<\/h2>\t\t\t\t<\/div>\n\t\t\t\t<div class=\"elementor-element elementor-element-a783f59 elementor-widget elementor-widget-text-editor\" data-id=\"a783f59\" data-element_type=\"widget\" data-e-type=\"widget\" data-widget_type=\"text-editor.default\">\n\t\t\t\t\t\t\t\t\t<p style=\"text-align: center;\">Una base de dades creixent de professionals del cinema de no-ficci\u00f3, en totes les etapes de la seva carrera.<\/p>\t\t\t\t\t\t\t\t<\/div>\n\t\t\t\t<\/a>\n\t\t<a class=\"elementor-element elementor-element-16a13d5 e-con-full animated-slow e-flex elementor-invisible e-con e-child\" data-id=\"16a13d5\" data-element_type=\"container\" data-e-type=\"container\" data-settings=\"{&quot;animation&quot;:&quot;fadeIn&quot;}\">\n\t\t\t\t<div class=\"elementor-element elementor-element-bedce65 elementor-widget elementor-widget-heading\" data-id=\"bedce65\" data-element_type=\"widget\" data-e-type=\"widget\" data-widget_type=\"heading.default\">\n\t\t\t\t\t<h2 class=\"elementor-heading-title elementor-size-default\">Member Chat<\/h2>\t\t\t\t<\/div>\n\t\t\t\t<div class=\"elementor-element elementor-element-14f8411 elementor-widget elementor-widget-text-editor\" data-id=\"14f8411\" data-element_type=\"widget\" data-e-type=\"widget\" data-widget_type=\"text-editor.default\">\n\t\t\t\t\t\t\t\t\t<p style=\"text-align: center;\"><strong>Pr\u00f2ximament! <\/strong><\/p><p style=\"text-align: center;\"><span style=\"background-color: transparent; text-align: start;\">Uneix-te a la conversa amb altres professionals del documental al nostre f\u00f2rum privat online. Presenta&#8217;t, comparteix una oferta de treball, demana consells; xateja directament amb altres membres.<br> <\/span><\/p>\t\t\t\t\t\t\t\t<\/div>\n\t\t\t\t<\/a>\n\t\t<a class=\"elementor-element elementor-element-5633316 e-con-full animated-slow e-flex elementor-invisible e-con e-child\" data-id=\"5633316\" data-element_type=\"container\" data-e-type=\"container\" data-settings=\"{&quot;animation&quot;:&quot;fadeIn&quot;}\" href=\"https:\/\/docthinks.com\/film\/\">\n\t\t\t\t<div class=\"elementor-element elementor-element-25298f4 elementor-widget elementor-widget-heading\" data-id=\"25298f4\" data-element_type=\"widget\" data-e-type=\"widget\" data-widget_type=\"heading.default\">\n\t\t\t\t\t<h2 class=\"elementor-heading-title elementor-size-default\">Cat\u00e0leg de Pel\u00b7l\u00edcules<\/h2>\t\t\t\t<\/div>\n\t\t\t\t<div class=\"elementor-element elementor-element-a3ebb46 elementor-widget elementor-widget-text-editor\" data-id=\"a3ebb46\" data-element_type=\"widget\" data-e-type=\"widget\" data-widget_type=\"text-editor.default\">\n\t\t\t\t\t\t\t\t\t<p style=\"text-align: center;\">fegeix les teves pel\u00b7l\u00edcules i descobreix m\u00e9s documentals dels directors, productors i creadors de la nostra comunitat. Explora la diversitat de la narrativa de no-ficci\u00f3. <\/p>\t\t\t\t\t\t\t\t<\/div>\n\t\t\t\t<\/a>\n\t\t<a class=\"elementor-element elementor-element-ed95cf7 e-con-full animated-slow e-flex elementor-invisible e-con e-child\" data-id=\"ed95cf7\" data-element_type=\"container\" data-e-type=\"container\" data-settings=\"{&quot;animation&quot;:&quot;fadeIn&quot;}\" href=\"https:\/\/docthinks.com\/project\/\">\n\t\t\t\t<div class=\"elementor-element elementor-element-2a6c050 elementor-widget elementor-widget-heading\" data-id=\"2a6c050\" data-element_type=\"widget\" data-e-type=\"widget\" data-widget_type=\"heading.default\">\n\t\t\t\t\t<h2 class=\"elementor-heading-title elementor-size-default\">Cat\u00e0leg de Projectes<\/h2>\t\t\t\t<\/div>\n\t\t\t\t<div class=\"elementor-element elementor-element-6045484 elementor-widget elementor-widget-text-editor\" data-id=\"6045484\" data-element_type=\"widget\" data-e-type=\"widget\" data-widget_type=\"text-editor.default\">\n\t\t\t\t\t\t\t\t\t<p style=\"text-align: center;\">Afegeix i consulta treballs en curs, pel\u00b7l\u00edcules en desenvolupament i en producci\u00f3. Mant\u00e9n-te al dia sobre els propers treballs dels cineastes de la nostra comunitat DocThinks. <\/p>\t\t\t\t\t\t\t\t<\/div>\n\t\t\t\t<\/a>\n\t\t<a class=\"elementor-element elementor-element-1004d15 e-con-full animated-slow e-flex elementor-invisible e-con e-child\" data-id=\"1004d15\" data-element_type=\"container\" data-e-type=\"container\" data-settings=\"{&quot;animation&quot;:&quot;fadeIn&quot;}\">\n\t\t\t\t<div class=\"elementor-element elementor-element-15f7bdc elementor-widget elementor-widget-heading\" data-id=\"15f7bdc\" data-element_type=\"widget\" data-e-type=\"widget\" data-widget_type=\"heading.default\">\n\t\t\t\t\t<h2 class=\"elementor-heading-title elementor-size-default\">Esdeveniments virtuals de networking\n<\/h2>\t\t\t\t<\/div>\n\t\t\t\t<div class=\"elementor-element elementor-element-2725a44 elementor-widget elementor-widget-text-editor\" data-id=\"2725a44\" data-element_type=\"widget\" data-e-type=\"widget\" data-widget_type=\"text-editor.default\">\n\t\t\t\t\t\t\t\t\t<div class=\"elementor-element elementor-element-b4cef41 e-con-full animated-slow e-flex e-con e-child animated fadeIn\" data-id=\"b4cef41\" data-element_type=\"container\" data-e-type=\"container\" data-settings=\"{\"animation\":\"fadeIn\"}\"><div class=\"elementor-element elementor-element-ed7b6a6 elementor-widget elementor-widget-text-editor is-mac\" data-id=\"ed7b6a6\" data-element_type=\"widget\" data-e-type=\"widget\" data-widget_type=\"text-editor.default\"><p style=\"text-align: center;\"><span style=\"font-weight: 400;\"><strong>Pr\u00f2ximament!<\/strong> <\/span><\/p><\/div><\/div>\t\t\t\t\t\t\t\t<\/div>\n\t\t\t\t<\/a>\n\t\t\t\t\t<\/div>\n\t\t\t\t<\/div>\n\t\t<div class=\"elementor-element elementor-element-4ab61ae e-flex e-con-boxed e-con e-parent\" data-id=\"4ab61ae\" data-element_type=\"container\" data-e-type=\"container\" data-settings=\"{&quot;background_background&quot;:&quot;classic&quot;}\">\n\t\t\t\t\t<div class=\"e-con-inner\">\n\t\t\t\t<div class=\"elementor-element elementor-element-a2d8d69 elementor-widget elementor-widget-heading\" data-id=\"a2d8d69\" data-element_type=\"widget\" data-e-type=\"widget\" data-widget_type=\"heading.default\">\n\t\t\t\t\t<h2 class=\"elementor-heading-title elementor-size-default\"><div class=\"selectBg white\">\u00bfPREPARAT PER UNIR-TE A LA COMUNITAT? <\/div><br><br> Crea el teu perfil, comparteix el teu treball i forma part d'una xarxa global dedicada al cinema de no-ficci\u00f3.<\/h2>\t\t\t\t<\/div>\n\t\t\t\t<div class=\"elementor-element elementor-element-30409c7 elementor-align-justify elementor-widget__width-auto jedv-enabled--yes elementor-widget elementor-widget-button\" data-id=\"30409c7\" data-element_type=\"widget\" data-e-type=\"widget\" data-widget_type=\"button.default\">\n\t\t\t\t\t\t\t\t\t\t<a class=\"elementor-button elementor-button-link elementor-size-sm\" href=\"https:\/\/docthinks.com\/ca\/comunitat\/registrar-se\/\">\n\t\t\t\t\t\t<span class=\"elementor-button-content-wrapper\">\n\t\t\t\t\t\t\t\t\t<span class=\"elementor-button-text\">Registra't Ara<\/span>\n\t\t\t\t\t<\/span>\n\t\t\t\t\t<\/a>\n\t\t\t\t\t\t\t\t<\/div>\n\t\t\t\t<div class=\"elementor-element elementor-element-8d4255b elementor-align-center elementor-widget__width-auto elementor-widget elementor-widget-button\" data-id=\"8d4255b\" data-element_type=\"widget\" data-e-type=\"widget\" data-widget_type=\"button.default\">\n\t\t\t\t\t\t\t\t\t\t<a class=\"elementor-button elementor-button-link elementor-size-sm\" href=\"https:\/\/docthinks.com\/ca\/comunitat\/\">\n\t\t\t\t\t\t<span class=\"elementor-button-content-wrapper\">\n\t\t\t\t\t\t\t\t\t<span class=\"elementor-button-text\">Descobreix els Perfils<\/span>\n\t\t\t\t\t<\/span>\n\t\t\t\t\t<\/a>\n\t\t\t\t\t\t\t\t<\/div>\n\t\t\t\t\t<\/div>\n\t\t\t\t<\/div>\n\t\t\t\t<\/div>\n\t\t","protected":false},"excerpt":{"rendered":"<p>CONNECTA, COL\u00b7LABORA I CREIX amb professionals del documental d&#8217;arreu del m\u00f3n Comparteix la teva feina i contrueix relacions en la comunitat del cinema de no ficci\u00f3. A Qu\u00e8 Pots Accedir? Directori de Membres Una base de dades creixent de professionals del cinema de no-ficci\u00f3, en totes les etapes de la seva carrera. Member Chat Pr\u00f2ximament! [&hellip;]<\/p>\n","protected":false},"author":22,"featured_media":0,"parent":0,"menu_order":-7,"comment_status":"closed","ping_status":"closed","template":"","meta":{"iawp_total_views":5,"footnotes":""},"class_list":["post-11102","page","type-page","status-publish","hentry"],"_links":{"self":[{"href":"https:\/\/docthinks.com\/ca\/wp-json\/wp\/v2\/pages\/11102","targetHints":{"allow":["GET"]}}],"collection":[{"href":"https:\/\/docthinks.com\/ca\/wp-json\/wp\/v2\/pages"}],"about":[{"href":"https:\/\/docthinks.com\/ca\/wp-json\/wp\/v2\/types\/page"}],"author":[{"embeddable":true,"href":"https:\/\/docthinks.com\/ca\/wp-json\/wp\/v2\/users\/22"}],"replies":[{"embeddable":true,"href":"https:\/\/docthinks.com\/ca\/wp-json\/wp\/v2\/comments?post=11102"}],"version-history":[{"count":2,"href":"https:\/\/docthinks.com\/ca\/wp-json\/wp\/v2\/pages\/11102\/revisions"}],"predecessor-version":[{"id":11306,"href":"https:\/\/docthinks.com\/ca\/wp-json\/wp\/v2\/pages\/11102\/revisions\/11306"}],"wp:attachment":[{"href":"https:\/\/docthinks.com\/ca\/wp-json\/wp\/v2\/media?parent=11102"}],"curies":[{"name":"wp","href":"https:\/\/api.w.org\/{rel}","templated":true}]}}